{"id":423,"date":"2025-01-04T13:05:35","date_gmt":"2025-01-04T13:05:35","guid":{"rendered":"https:\/\/mebleszefner.pl\/?page_id=423"},"modified":"2025-01-04T13:08:28","modified_gmt":"2025-01-04T13:08:28","slug":"o-nas","status":"publish","type":"page","link":"https:\/\/mebleszefner.pl\/index.php\/o-nas\/","title":{"rendered":"O nas"},"content":{"rendered":"\t\t<div data-elementor-type=\"wp-page\" data-elementor-id=\"423\" class=\"elementor elementor-423\">\n\t\t\t\t<div class=\"elementor-element elementor-element-112811d e-flex e-con-boxed e-con e-parent\" data-id=\"112811d\" data-element_type=\"container\" data-e-type=\"container\">\n\t\t\t\t\t<div class=\"e-con-inner\">\n\t\t<div class=\"elementor-element elementor-element-557f2da e-con-full e-flex e-con e-child\" data-id=\"557f2da\" data-element_type=\"container\" data-e-type=\"container\">\n\t\t\t\t<div class=\"elementor-element elementor-element-353fed3 elementor-invisible elementor-widget elementor-widget-text-editor\" data-id=\"353fed3\" data-element_type=\"widget\" data-e-type=\"widget\" data-settings=\"{&quot;_animation&quot;:&quot;fadeIn&quot;}\" data-widget_type=\"text-editor.default\">\n\t\t\t\t<div class=\"elementor-widget-container\">\n\t\t\t\t\t\t\t\t\t<p>S&amp;J Meble na wymiar<\/p>\t\t\t\t\t\t\t\t<\/div>\n\t\t\t\t<\/div>\n\t\t\t\t<div class=\"elementor-element elementor-element-f8e702a elementor-invisible elementor-widget elementor-widget-heading\" data-id=\"f8e702a\" data-element_type=\"widget\" data-e-type=\"widget\" data-settings=\"{&quot;_animation&quot;:&quot;fadeIn&quot;,&quot;_animation_delay&quot;:200}\" data-widget_type=\"heading.default\">\n\t\t\t\t<div class=\"elementor-widget-container\">\n\t\t\t\t\t<h2 class=\"elementor-heading-title elementor-size-default\">pasja i do\u015bwiadczenie w jednym<\/h2>\t\t\t\t<\/div>\n\t\t\t\t<\/div>\n\t\t\t\t<div class=\"elementor-element elementor-element-23d51c8 elementor-invisible elementor-widget elementor-widget-text-editor\" data-id=\"23d51c8\" data-element_type=\"widget\" data-e-type=\"widget\" data-settings=\"{&quot;_animation&quot;:&quot;fadeIn&quot;,&quot;_animation_delay&quot;:400}\" data-widget_type=\"text-editor.default\">\n\t\t\t\t<div class=\"elementor-widget-container\">\n\t\t\t\t\t\t\t\t\t<p>Jeste\u015bmy Jacek i Sebastian \u2013 ojciec i syn, kt\u00f3rzy \u0142\u0105cz\u0105 rodzinne wi\u0119zi z mi\u0142o\u015bci\u0105 do stolarstwa. Nasza wsp\u00f3lna przygoda z meblami zrodzi\u0142a si\u0119 z pasji, kt\u00f3ra przeplata si\u0119 z wieloletnim do\u015bwiadczeniem i ch\u0119ci\u0105 tworzenia niepowtarzalnych wn\u0119trz.<\/p><p>Jacek, stolarz z zawodu, od ponad 30 lat doskonali swoje umiej\u0119tno\u015bci w tym fachu. Swoje do\u015bwiadczenie zdobywa\u0142 zar\u00f3wno w Polsce, jak i za granic\u0105, pracuj\u0105c jako stolarz w Niemczech, Irlandii i Szwajcarii. To tam nauczy\u0142 si\u0119, jak \u0142\u0105czy\u0107 tradycyjne rzemios\u0142o z mi\u0119dzynarodowymi standardami precyzji i jako\u015bci. Sebastian, jako m\u0142odsze pokolenie, wnosi do naszej firmy \u015bwie\u017ce spojrzenie, otwarto\u015b\u0107 na nowoczesne rozwi\u0105zania i ogromny zapa\u0142 do rozwoju. Razem tworzymy duet, kt\u00f3ry \u0142\u0105czy do\u015bwiadczenie z innowacyjno\u015bci\u0105.<\/p>\t\t\t\t\t\t\t\t<\/div>\n\t\t\t\t<\/div>\n\t\t\t\t<div class=\"elementor-element elementor-element-df51f2c elementor-align-left elementor-mobile-align-left elementor-invisible elementor-widget elementor-widget-button\" data-id=\"df51f2c\" data-element_type=\"widget\" data-e-type=\"widget\" data-settings=\"{&quot;_animation&quot;:&quot;fadeIn&quot;,&quot;_animation_delay&quot;:400}\" data-widget_type=\"button.default\">\n\t\t\t\t<div class=\"elementor-widget-container\">\n\t\t\t\t\t\t\t\t\t<div class=\"elementor-button-wrapper\">\n\t\t\t\t\t<a class=\"elementor-button elementor-button-link elementor-size-sm\" href=\"https:\/\/mebleszefner.pl\/#kontakt\">\n\t\t\t\t\t\t<span class=\"elementor-button-content-wrapper\">\n\t\t\t\t\t\t\t\t\t<span class=\"elementor-button-text\">Kontakt<\/span>\n\t\t\t\t\t<\/span>\n\t\t\t\t\t<\/a>\n\t\t\t\t<\/div>\n\t\t\t\t\t\t\t\t<\/div>\n\t\t\t\t<\/div>\n\t\t\t\t<\/div>\n\t\t<div class=\"elementor-element elementor-element-fd9f895 e-con-full e-flex elementor-invisible e-con e-child\" data-id=\"fd9f895\" data-element_type=\"container\" data-e-type=\"container\" data-settings=\"{&quot;background_background&quot;:&quot;classic&quot;,&quot;animation&quot;:&quot;fadeIn&quot;}\">\n\t\t\t\t<div class=\"elementor-element elementor-element-c5450a6 elementor-widget-divider--view-line elementor-widget elementor-widget-divider\" data-id=\"c5450a6\" data-element_type=\"widget\" data-e-type=\"widget\" data-widget_type=\"divider.default\">\n\t\t\t\t<div class=\"elementor-widget-container\">\n\t\t\t\t\t\t\t<div class=\"elementor-divider\">\n\t\t\t<span class=\"elementor-divider-separator\">\n\t\t\t\t\t\t<\/span>\n\t\t<\/div>\n\t\t\t\t\t\t<\/div>\n\t\t\t\t<\/div>\n\t\t\t\t<\/div>\n\t\t\t\t\t<\/div>\n\t\t\t\t<\/div>\n\t\t\t\t<\/div>\n\t\t","protected":false},"excerpt":{"rendered":"<p>S&amp;J Meble na wymiar pasja i do\u015bwiadczenie w jednym Jeste\u015bmy Jacek i Sebastian \u2013 ojciec i syn, kt\u00f3rzy \u0142\u0105cz\u0105 rodzinne wi\u0119zi z mi\u0142o\u015bci\u0105 do stolarstwa. Nasza wsp\u00f3lna przygoda z meblami zrodzi\u0142a si\u0119 z pasji, kt\u00f3ra przeplata si\u0119 z wieloletnim do\u015bwiadczeniem i ch\u0119ci\u0105 tworzenia niepowtarzalnych wn\u0119trz. Jacek, stolarz z zawodu, od ponad 30 lat doskonali swoje [&hellip;]<\/p>\n","protected":false},"author":1,"featured_media":0,"parent":0,"menu_order":0,"comment_status":"closed","ping_status":"closed","template":"","meta":{"inline_featured_image":false,"footnotes":""},"class_list":["post-423","page","type-page","status-publish","hentry"],"_links":{"self":[{"href":"https:\/\/mebleszefner.pl\/index.php\/wp-json\/wp\/v2\/pages\/423","targetHints":{"allow":["GET"]}}],"collection":[{"href":"https:\/\/mebleszefner.pl\/index.php\/wp-json\/wp\/v2\/pages"}],"about":[{"href":"https:\/\/mebleszefner.pl\/index.php\/wp-json\/wp\/v2\/types\/page"}],"author":[{"embeddable":true,"href":"https:\/\/mebleszefner.pl\/index.php\/wp-json\/wp\/v2\/users\/1"}],"replies":[{"embeddable":true,"href":"https:\/\/mebleszefner.pl\/index.php\/wp-json\/wp\/v2\/comments?post=423"}],"version-history":[{"count":4,"href":"https:\/\/mebleszefner.pl\/index.php\/wp-json\/wp\/v2\/pages\/423\/revisions"}],"predecessor-version":[{"id":430,"href":"https:\/\/mebleszefner.pl\/index.php\/wp-json\/wp\/v2\/pages\/423\/revisions\/430"}],"wp:attachment":[{"href":"https:\/\/mebleszefner.pl\/index.php\/wp-json\/wp\/v2\/media?parent=423"}],"curies":[{"name":"wp","href":"https:\/\/api.w.org\/{rel}","templated":true}]}}